{"id":8,"date":"2026-04-02T15:38:13","date_gmt":"2026-04-02T15:38:13","guid":{"rendered":"https:\/\/innovahub.pl\/?page_id=8"},"modified":"2026-04-02T15:54:46","modified_gmt":"2026-04-02T15:54:46","slug":"home","status":"publish","type":"page","link":"https:\/\/innovahub.pl\/","title":{"rendered":"Home"},"content":{"rendered":"<p>[et_pb_section fb_built=&#8221;1&#8243; _builder_version=&#8221;4.27.6&#8243; _module_preset=&#8221;default&#8221; background_color=&#8221;#000000&#8243; custom_margin=&#8221;-150px||||false|false&#8221; custom_padding=&#8221;200px||55px||false|false&#8221; global_colors_info=&#8221;{}&#8221;][et_pb_row _builder_version=&#8221;4.27.6&#8243; _module_preset=&#8221;default&#8221; global_colors_info=&#8221;{}&#8221;][et_pb_column type=&#8221;4_4&#8243; _builder_version=&#8221;4.27.6&#8243; _module_preset=&#8221;default&#8221; global_colors_info=&#8221;{}&#8221;][et_pb_text _builder_version=&#8221;4.27.6&#8243; _module_preset=&#8221;default&#8221; text_text_color=&#8221;#FFFFFF&#8221; text_font_size=&#8221;16px&#8221; global_colors_info=&#8221;{}&#8221;]<\/p>\n<p>Masz za du\u017co odpowiedzialno\u015bci na g\u0142owie i nie wiesz, jak mo\u017cesz j\u0105 rozdzieli\u0107, by robi\u0107 w firmie to, w czym autentycznie jeste\u015b najlepszy?<\/p>\n<p>Masz do\u015b\u0107 komunikowania si\u0119 z dziesi\u0105tkami os\u00f3b, kt\u00f3re Ci\u0119 wspieraj\u0105, bo masz poczucie, \u017ce wszystko i tak zale\u017cy od Ciebie?<\/p>\n<p><strong>Szukasz rozwi\u0105zania, w kt\u00f3rym odci\u0105\u017cysz si\u0119 z zada\u0144 operacyjnych, marketingowych, strategicznych oraz prawno-ksi\u0119gowych, w jednym miejscu?<\/strong><\/p>\n<p>[\/et_pb_text][et_pb_text _builder_version=&#8221;4.27.6&#8243; _module_preset=&#8221;default&#8221; header_2_font=&#8221;|800||on|||||&#8221; header_2_text_color=&#8221;#59c2f7&#8243; header_3_text_color=&#8221;#FFFFFF&#8221; hover_enabled=&#8221;0&#8243; global_colors_info=&#8221;{}&#8221; header_2_font_size_last_edited=&#8221;on|desktop&#8221; header_2_font_size_phone=&#8221;44px&#8221; sticky_enabled=&#8221;0&#8243; header_2_font_size=&#8221;48px&#8221; header_2_font_size_tablet=&#8221;48px&#8221;]<\/p>\n<h2>Witaj w InnovaHub!<\/h2>\n<h3><strong>Tutaj otrzymasz us\u0142ugi, kt\u00f3re realnie rozdziel\u0105 odpowiedzialno\u015b\u0107 w Twojej firmie, a Ty odczujesz ulg\u0119 i uwierzysz, \u017ce perspektywa urlopu bez laptopa i telefonu pod r\u0119k\u0105 mo\u017ce by\u0107 realna!<\/strong><\/h3>\n<p>[\/et_pb_text][\/et_pb_column][\/et_pb_row][\/et_pb_section][et_pb_section fb_built=&#8221;1&#8243; module_id=&#8221;uslugi&#8221; module_class=&#8221;uslugi&#8221; _builder_version=&#8221;4.27.6&#8243; _module_preset=&#8221;default&#8221; global_colors_info=&#8221;{}&#8221;][et_pb_row _builder_version=&#8221;4.27.6&#8243; _module_preset=&#8221;default&#8221; global_colors_info=&#8221;{}&#8221;][et_pb_column type=&#8221;4_4&#8243; _builder_version=&#8221;4.27.6&#8243; _module_preset=&#8221;default&#8221; global_colors_info=&#8221;{}&#8221;][et_pb_text _builder_version=&#8221;4.27.6&#8243; _module_preset=&#8221;default&#8221; header_2_font=&#8221;|800||on|||||&#8221; header_2_text_color=&#8221;#000000&#8243; header_2_font_size=&#8221;48px&#8221; hover_enabled=&#8221;0&#8243; global_colors_info=&#8221;{}&#8221; header_2_font_size_last_edited=&#8221;on|phone&#8221; header_2_font_size_phone=&#8221;44px&#8221; sticky_enabled=&#8221;0&#8243; header_2_font_size_tablet=&#8221;48px&#8221;]<\/p>\n<h2>W czym pomagamy?<\/h2>\n<p>[\/et_pb_text][\/et_pb_column][\/et_pb_row][et_pb_row column_structure=&#8221;1_3,1_3,1_3&#8243; _builder_version=&#8221;4.27.6&#8243; _module_preset=&#8221;default&#8221; global_colors_info=&#8221;{}&#8221;][et_pb_column type=&#8221;1_3&#8243; _builder_version=&#8221;4.27.6&#8243; _module_preset=&#8221;default&#8221; global_colors_info=&#8221;{}&#8221;][et_pb_blurb title=&#8221;Zadania operacyjne&#8221; use_icon=&#8221;on&#8221; font_icon=&#8221;&#xe038;||divi||400&#8243; icon_color=&#8221;#0e45ea&#8221; icon_placement=&#8221;left&#8221; image_icon_width=&#8221;50px&#8221; _builder_version=&#8221;4.27.6&#8243; _module_preset=&#8221;default&#8221; header_level=&#8221;h2&#8243; header_font=&#8221;|800|||||||&#8221; use_background_color_gradient=&#8221;on&#8221; background_color_gradient_stops=&#8221;#ffffff 0%|#59c2f7 100%&#8221; custom_padding=&#8221;30px|15px|22px|15px|false|true&#8221; border_radii=&#8221;on|15px|15px|15px|15px&#8221; border_width_all=&#8221;4px&#8221; border_color_all=&#8221;#0c3ccb&#8221; global_colors_info=&#8221;{}&#8221;][\/et_pb_blurb][et_pb_blurb title=&#8221;Technikalia&#8221; use_icon=&#8221;on&#8221; font_icon=&#8221;&#xf058;||fa||400&#8243; icon_color=&#8221;#0c3ccb&#8221; image_icon_background_color=&#8221;#FFFFFF&#8221; icon_placement=&#8221;left&#8221; _builder_version=&#8221;4.27.6&#8243; _module_preset=&#8221;default&#8221; header_font=&#8221;|700|||||||&#8221; body_text_color=&#8221;#000000&#8243; body_font_size=&#8221;16px&#8221; global_colors_info=&#8221;{}&#8221;]<\/p>\n<p>Budowa i obs\u0142uga stron internetowych, sklep\u00f3w online oraz platform e-learningowych.<\/p>\n<p>[\/et_pb_blurb][et_pb_blurb title=&#8221;Grafika&#8221; use_icon=&#8221;on&#8221; font_icon=&#8221;&#xf058;||fa||400&#8243; icon_color=&#8221;#0c3ccb&#8221; image_icon_background_color=&#8221;#FFFFFF&#8221; icon_placement=&#8221;left&#8221; _builder_version=&#8221;4.27.6&#8243; _module_preset=&#8221;default&#8221; header_font=&#8221;|700|||||||&#8221; body_text_color=&#8221;#000000&#8243; body_font_size=&#8221;16px&#8221; global_colors_info=&#8221;{}&#8221;]<\/p>\n<p>Opieka graficzna w celu utrzymania standard\u00f3w komunikacji wizualnej marki.<\/p>\n<p>[\/et_pb_blurb][et_pb_blurb title=&#8221;Zarz\u0105dzanie projektami&#8221; use_icon=&#8221;on&#8221; font_icon=&#8221;&#xf058;||fa||400&#8243; icon_color=&#8221;#0c3ccb&#8221; image_icon_background_color=&#8221;#FFFFFF&#8221; icon_placement=&#8221;left&#8221; _builder_version=&#8221;4.27.6&#8243; _module_preset=&#8221;default&#8221; header_font=&#8221;|700|||||||&#8221; body_text_color=&#8221;#000000&#8243; body_font_size=&#8221;16px&#8221; global_colors_info=&#8221;{}&#8221;]<\/p>\n<p>Opieka Online Business Managera, kt\u00f3ry u\u0142o\u017cy procesy w Twojej firmie i wdro\u017cy hierarchi\u0119 delegowania.<\/p>\n<p>[\/et_pb_blurb][\/et_pb_column][et_pb_column type=&#8221;1_3&#8243; _builder_version=&#8221;4.27.6&#8243; _module_preset=&#8221;default&#8221; global_colors_info=&#8221;{}&#8221;][et_pb_blurb title=&#8221;Obs\u0142uga marketingu&#8221; use_icon=&#8221;on&#8221; font_icon=&#8221;&#xf276;||fa||900&#8243; icon_color=&#8221;#0e45ea&#8221; icon_placement=&#8221;left&#8221; image_icon_width=&#8221;50px&#8221; _builder_version=&#8221;4.27.6&#8243; _module_preset=&#8221;default&#8221; header_level=&#8221;h2&#8243; header_font=&#8221;|800|||||||&#8221; use_background_color_gradient=&#8221;on&#8221; background_color_gradient_stops=&#8221;#ffffff 0%|#59c2f7 100%&#8221; custom_padding=&#8221;30px|15px|22px|15px|false|true&#8221; border_radii=&#8221;on|15px|15px|15px|15px&#8221; border_width_all=&#8221;4px&#8221; border_color_all=&#8221;#0c3ccb&#8221; global_colors_info=&#8221;{}&#8221;][\/et_pb_blurb][et_pb_blurb title=&#8221;E-mail marketing&#8221; use_icon=&#8221;on&#8221; font_icon=&#8221;&#xf058;||fa||400&#8243; icon_color=&#8221;#0c3ccb&#8221; image_icon_background_color=&#8221;#FFFFFF&#8221; icon_placement=&#8221;left&#8221; _builder_version=&#8221;4.27.6&#8243; _module_preset=&#8221;default&#8221; header_font=&#8221;|700|||||||&#8221; body_text_color=&#8221;#000000&#8243; body_font_size=&#8221;16px&#8221; global_colors_info=&#8221;{}&#8221;]<\/p>\n<p>Obs\u0142uga system\u00f3w do e-mail marketing\u00f3w: od wdro\u017cenia i standardowej wysy\u0142ki, po zaawansowane automatyzacje e-commerce.<\/p>\n<p>[\/et_pb_blurb][et_pb_blurb title=&#8221;Social media marketing&#8221; use_icon=&#8221;on&#8221; font_icon=&#8221;&#xf058;||fa||400&#8243; icon_color=&#8221;#0c3ccb&#8221; image_icon_background_color=&#8221;#FFFFFF&#8221; icon_placement=&#8221;left&#8221; _builder_version=&#8221;4.27.6&#8243; _module_preset=&#8221;default&#8221; header_font=&#8221;|700|||||||&#8221; body_text_color=&#8221;#000000&#8243; body_font_size=&#8221;16px&#8221; global_colors_info=&#8221;{}&#8221;]<\/p>\n<p>Wsparcie w okre\u015bleniu strategii komunikacji i jej realizacji.<\/p>\n<p>[\/et_pb_blurb][et_pb_blurb title=&#8221;Reklama&#8221; use_icon=&#8221;on&#8221; font_icon=&#8221;&#xf058;||fa||400&#8243; icon_color=&#8221;#0c3ccb&#8221; image_icon_background_color=&#8221;#FFFFFF&#8221; icon_placement=&#8221;left&#8221; _builder_version=&#8221;4.27.6&#8243; _module_preset=&#8221;default&#8221; header_font=&#8221;|700|||||||&#8221; body_text_color=&#8221;#000000&#8243; body_font_size=&#8221;16px&#8221; global_colors_info=&#8221;{}&#8221;]<\/p>\n<p>Wsparcie w konfiguracji, monitoringu i optymalizacji kampanii reklamowych.<\/p>\n<p>[\/et_pb_blurb][\/et_pb_column][et_pb_column type=&#8221;1_3&#8243; _builder_version=&#8221;4.27.6&#8243; _module_preset=&#8221;default&#8221; global_colors_info=&#8221;{}&#8221;][et_pb_blurb title=&#8221;Prawo i ksi\u0119gowo\u015b\u0107&#8221; use_icon=&#8221;on&#8221; font_icon=&#8221;&#xf0e3;||fa||900&#8243; icon_color=&#8221;#0e45ea&#8221; icon_placement=&#8221;left&#8221; image_icon_width=&#8221;50px&#8221; _builder_version=&#8221;4.27.6&#8243; _module_preset=&#8221;default&#8221; header_level=&#8221;h2&#8243; header_font=&#8221;|800|||||||&#8221; use_background_color_gradient=&#8221;on&#8221; background_color_gradient_stops=&#8221;#ffffff 0%|#59c2f7 100%&#8221; custom_padding=&#8221;30px|15px|22px|15px|false|true&#8221; border_radii=&#8221;on|15px|15px|15px|15px&#8221; border_width_all=&#8221;4px&#8221; border_color_all=&#8221;#0c3ccb&#8221; global_colors_info=&#8221;{}&#8221;][\/et_pb_blurb][et_pb_blurb title=&#8221;Doradztwo ksi\u0119gowe&#8221; use_icon=&#8221;on&#8221; font_icon=&#8221;&#xf058;||fa||400&#8243; icon_color=&#8221;#0c3ccb&#8221; image_icon_background_color=&#8221;#FFFFFF&#8221; icon_placement=&#8221;left&#8221; _builder_version=&#8221;4.27.6&#8243; _module_preset=&#8221;default&#8221; header_font=&#8221;|700|||||||&#8221; body_text_color=&#8221;#000000&#8243; body_font_size=&#8221;16px&#8221; global_colors_info=&#8221;{}&#8221;]<\/p>\n<p>W obszarze najlepszych rozwi\u0105za\u0144 ksi\u0119gowych, dopasowanych do Twojej firmy oraz ich obs\u0142udze.<\/p>\n<p>[\/et_pb_blurb][et_pb_blurb title=&#8221;Doradztwo podatkowe&#8221; use_icon=&#8221;on&#8221; font_icon=&#8221;&#xf058;||fa||400&#8243; icon_color=&#8221;#0c3ccb&#8221; image_icon_background_color=&#8221;#FFFFFF&#8221; icon_placement=&#8221;left&#8221; _builder_version=&#8221;4.27.6&#8243; _module_preset=&#8221;default&#8221; header_font=&#8221;|700|||||||&#8221; body_text_color=&#8221;#000000&#8243; body_font_size=&#8221;16px&#8221; global_colors_info=&#8221;{}&#8221;]<\/p>\n<p>Wyb\u00f3r najlepszych rozwi\u0105za\u0144 podatkowych, konsultacje podatkowe.<\/p>\n<p>[\/et_pb_blurb][et_pb_blurb title=&#8221;Wsparcie w pozyskaniu dofinansowa\u0144&#8221; use_icon=&#8221;on&#8221; font_icon=&#8221;&#xf058;||fa||400&#8243; icon_color=&#8221;#0c3ccb&#8221; image_icon_background_color=&#8221;#FFFFFF&#8221; icon_placement=&#8221;left&#8221; _builder_version=&#8221;4.27.6&#8243; _module_preset=&#8221;default&#8221; header_font=&#8221;|700|||||||&#8221; body_text_color=&#8221;#000000&#8243; body_font_size=&#8221;16px&#8221; global_colors_info=&#8221;{}&#8221;]<\/p>\n<p>Wyb\u00f3r najlepszych metod pozyskiwania finansowania, szyte na miar\u0119 Twojego pomys\u0142u.<\/p>\n<p>[\/et_pb_blurb][\/et_pb_column][\/et_pb_row][\/et_pb_section][et_pb_section fb_built=&#8221;1&#8243; module_id=&#8221;o-nas&#8221; module_class=&#8221;o-nas&#8221; _builder_version=&#8221;4.27.6&#8243; _module_preset=&#8221;default&#8221; use_background_color_gradient=&#8221;on&#8221; background_color_gradient_stops=&#8221;#0c3ccb 0%|#000000 100%&#8221; global_colors_info=&#8221;{}&#8221;][et_pb_row _builder_version=&#8221;4.27.6&#8243; _module_preset=&#8221;default&#8221; global_colors_info=&#8221;{}&#8221;][et_pb_column type=&#8221;4_4&#8243; _builder_version=&#8221;4.27.6&#8243; _module_preset=&#8221;default&#8221; global_colors_info=&#8221;{}&#8221;][et_pb_text _builder_version=&#8221;4.27.6&#8243; _module_preset=&#8221;default&#8221; header_2_font=&#8221;|800||on|||||&#8221; header_2_text_color=&#8221;#FFFFFF&#8221; header_2_font_size=&#8221;48px&#8221; hover_enabled=&#8221;0&#8243; global_colors_info=&#8221;{}&#8221; header_2_font_size_last_edited=&#8221;on|phone&#8221; header_2_font_size_phone=&#8221;44px&#8221; sticky_enabled=&#8221;0&#8243; header_2_font_size_tablet=&#8221;48px&#8221;]<\/p>\n<h2>Kim jeste\u015bmy?<\/h2>\n<p>[\/et_pb_text][\/et_pb_column][\/et_pb_row][et_pb_row column_structure=&#8221;1_3,1_3,1_3&#8243; _builder_version=&#8221;4.27.6&#8243; _module_preset=&#8221;default&#8221; global_colors_info=&#8221;{}&#8221;][et_pb_column type=&#8221;1_3&#8243; _builder_version=&#8221;4.27.6&#8243; _module_preset=&#8221;default&#8221; global_colors_info=&#8221;{}&#8221;][et_pb_image src=&#8221;https:\/\/innovahub.pl\/wp-content\/uploads\/2026\/04\/jkocurczarny-4567.jpg&#8221; title_text=&#8221;jkocurczarny-4567&#8243; _builder_version=&#8221;4.27.6&#8243; _module_preset=&#8221;default&#8221; custom_padding=&#8221;||||false|false&#8221; hover_enabled=&#8221;0&#8243; locked=&#8221;off&#8221; global_colors_info=&#8221;{}&#8221; border_width_all=&#8221;3px&#8221; border_color_all=&#8221;#0c3ccb&#8221; border_radii=&#8221;on|15px|15px|15px|15px&#8221; sticky_enabled=&#8221;0&#8243;][\/et_pb_image][et_pb_blurb title=&#8221;Magda Mytych&#8221; use_icon=&#8221;on&#8221; font_icon=&#8221;&#xe038;||divi||400&#8243; icon_color=&#8221;#0e45ea&#8221; icon_placement=&#8221;left&#8221; image_icon_width=&#8221;36px&#8221; _builder_version=&#8221;4.27.6&#8243; _module_preset=&#8221;default&#8221; header_level=&#8221;h2&#8243; header_font=&#8221;|800|||||||&#8221; header_text_color=&#8221;#000000&#8243; body_text_color=&#8221;#000000&#8243; use_background_color_gradient=&#8221;on&#8221; background_color_gradient_stops=&#8221;#ffffff 0%|#59c2f7 100%&#8221; custom_padding=&#8221;30px|15px|22px|15px|false|true&#8221; border_radii=&#8221;on|15px|15px|15px|15px&#8221; border_width_all=&#8221;4px&#8221; border_color_all=&#8221;#0c3ccb&#8221; global_colors_info=&#8221;{}&#8221;]<\/p>\n<p>koordynatorka zespo\u0142\u00f3w, kreatorka procedur i system\u00f3w w firmie.<\/p>\n<p>[\/et_pb_blurb][et_pb_text _builder_version=&#8221;4.27.6&#8243; _module_preset=&#8221;default&#8221; text_text_color=&#8221;#FFFFFF&#8221; locked=&#8221;off&#8221; global_colors_info=&#8221;{}&#8221;]<\/p>\n<p><span style=\"font-weight: 400;\">Od 2021 roku wspiera przedsi\u0119biorc\u00f3w w rozwoju, skalowaniu biznesu. Najpierw w roli wirtualnej asystentki, nast\u0119pnie online business managera i koordynatora zespo\u0142\u00f3w.<\/span><\/p>\n<p><span style=\"font-weight: 400;\">Jej bezpo\u015bredni\u0105 specjalizacj\u0105 s\u0105 zadania techniczne, zwi\u0105zane z obs\u0142ug\u0105 stron internetowych oraz automatyzacje.<\/span><\/p>\n<p><span style=\"font-weight: 400;\">Rekrutuje i skutecznie wdra\u017ca podwykonawc\u00f3w, wdra\u017ca systemy delegowania do firm.<\/span><\/p>\n<p><span style=\"font-weight: 400;\">Uko\u0144czy\u0142a studia podyplomowe: Zarz\u0105dzanie Strategiczne i Marketing w czasach VUCA, kt\u00f3re traktowa\u0142y bezpo\u015brednio o tym, jak czasach ogromnych zawirowa\u0144 gospodarczych, ale r\u00f3wnie\u017c szans &#8211; dostosowywa\u0107 i projektowa\u0107 rozwi\u0105zania strategiczne, kt\u00f3re pozwalaj\u0105 firmom wzrasta\u0107.<\/span><\/p>\n<p><span style=\"font-weight: 400;\">Magda pomo\u017ce Pa\u0144stwu podj\u0105\u0107 decyzje strategiczne dotycz\u0105ce rozwoju zespo\u0142u, optymalizacji jego pracy dzi\u0119ki przemy\u015blanym systemom delegowania.<\/span><\/p>\n<p>[\/et_pb_text][\/et_pb_column][et_pb_column type=&#8221;1_3&#8243; _builder_version=&#8221;4.27.6&#8243; _module_preset=&#8221;default&#8221; global_colors_info=&#8221;{}&#8221;][et_pb_blurb title=&#8221;Micha\u0142 Sroka&#8221; use_icon=&#8221;on&#8221; font_icon=&#8221;&#xf1ea;||fa||900&#8243; icon_color=&#8221;#0e45ea&#8221; icon_placement=&#8221;left&#8221; image_icon_width=&#8221;36px&#8221; _builder_version=&#8221;4.27.6&#8243; _module_preset=&#8221;default&#8221; header_level=&#8221;h2&#8243; header_font=&#8221;|800|||||||&#8221; header_text_color=&#8221;#000000&#8243; body_text_color=&#8221;#000000&#8243; use_background_color_gradient=&#8221;on&#8221; background_color_gradient_stops=&#8221;#ffffff 0%|#59c2f7 100%&#8221; custom_padding=&#8221;30px|15px|22px|15px|false|true&#8221; border_radii=&#8221;on|15px|15px|15px|15px&#8221; border_width_all=&#8221;4px&#8221; border_color_all=&#8221;#0c3ccb&#8221; global_colors_info=&#8221;{}&#8221;]<\/p>\n<p><span style=\"font-weight: 400;\">aplikant radcowski oraz ksi\u0119gowy, wsp\u00f3lnik w biurze rachunkowym<\/span><\/p>\n<p>[\/et_pb_blurb][et_pb_text _builder_version=&#8221;4.27.6&#8243; _module_preset=&#8221;default&#8221; text_text_color=&#8221;#FFFFFF&#8221; global_colors_info=&#8221;{}&#8221;]<\/p>\n<p><span style=\"font-weight: 400;\">Od 2018 roku wsp\u00f3lnik w Biurze Rachunkowym \u201eINPLUS\u201d. Studia prawnicze uko\u0144czy\u0142 w 2022 roku na Uniwersytecie SWPS, broni\u0105c prac\u0119 magistersk\u0105 zatytu\u0142owan\u0105 \u201eDzia\u0142alno\u015b\u0107 gospodarcza w Polsce. Wybrane problemy i powi\u0105zania prawa podatkowego z prawem gospodarczym\u201d.<\/span><\/p>\n<p><span style=\"font-weight: 400;\">Uko\u0144czy\u0142 r\u00f3wnie\u017c studia magisterskie z zakresu Zarz\u0105dzania Finansami na Wy\u017cszej Szkole Bankowej oraz studia podyplomowe z zakresu prawa podatkowego. Uczestnik licznych kurs\u00f3w i szkole\u0144.<\/span><\/p>\n<p><span style=\"font-weight: 400;\">Micha\u0142 pomo\u017ce Pa\u0144stwu w zakresie doboru formy prawnej prowadzonej dzia\u0142alno\u015bci gospodarczej oraz zweryfikuje obecnie prowadzon\u0105 pod katem mog\u0105cych w niej wyst\u0105pi\u0107 ryzyk prawnych oraz finansowych. <\/span><\/p>\n<p><span style=\"font-weight: 400;\">Prywatnie jest pasjonatem sport\u00f3w walki oraz podr\u00f3\u017cy.<\/span><\/p>\n<p>[\/et_pb_text][\/et_pb_column][et_pb_column type=&#8221;1_3&#8243; _builder_version=&#8221;4.27.6&#8243; _module_preset=&#8221;default&#8221; global_colors_info=&#8221;{}&#8221;][et_pb_blurb title=&#8221;Jakub Ko\u0142tun&#8221; use_icon=&#8221;on&#8221; font_icon=&#8221;&#xf0e3;||fa||900&#8243; icon_color=&#8221;#0e45ea&#8221; icon_placement=&#8221;left&#8221; image_icon_width=&#8221;36px&#8221; _builder_version=&#8221;4.27.6&#8243; _module_preset=&#8221;default&#8221; header_level=&#8221;h2&#8243; header_font=&#8221;|800|||||||&#8221; use_background_color_gradient=&#8221;on&#8221; background_color_gradient_stops=&#8221;#ffffff 0%|#59c2f7 100%&#8221; custom_padding=&#8221;30px|15px|22px|15px|false|true&#8221; hover_enabled=&#8221;0&#8243; border_radii=&#8221;on|15px|15px|15px|15px&#8221; border_width_all=&#8221;4px&#8221; border_color_all=&#8221;#0c3ccb&#8221; global_colors_info=&#8221;{}&#8221; body_text_color=&#8221;#000000&#8243; sticky_enabled=&#8221;0&#8243;]<\/p>\n<p>Radca prawny<\/p>\n<p>[\/et_pb_blurb][\/et_pb_column][\/et_pb_row][\/et_pb_section]<\/p>\n","protected":false},"excerpt":{"rendered":"<p>Masz za du\u017co odpowiedzialno\u015bci na g\u0142owie i nie wiesz, jak mo\u017cesz j\u0105 rozdzieli\u0107, by robi\u0107 w firmie to, w czym autentycznie jeste\u015b najlepszy? Masz do\u015b\u0107 komunikowania si\u0119 z dziesi\u0105tkami os\u00f3b, kt\u00f3re Ci\u0119 wspieraj\u0105, bo masz poczucie, \u017ce wszystko i tak zale\u017cy od Ciebie? Szukasz rozwi\u0105zania, w kt\u00f3rym odci\u0105\u017cysz si\u0119 z zada\u0144 operacyjnych, marketingowych, strategicznych oraz [&hellip;]<\/p>\n","protected":false},"author":1,"featured_media":0,"parent":0,"menu_order":0,"comment_status":"closed","ping_status":"closed","template":"","meta":{"_et_pb_use_builder":"on","_et_pb_old_content":"<!-- wp:divi\/placeholder \/-->","_et_gb_content_width":"","footnotes":""},"class_list":["post-8","page","type-page","status-publish","hentry"],"yoast_head":"<!-- This site is optimized with the Yoast SEO plugin v27.3 - https:\/\/yoast.com\/product\/yoast-seo-wordpress\/ -->\n<title>Home - InnovaHub | kompleksowe wsparcie operacyjne dla firm<\/title>\n<meta name=\"robots\" content=\"index, follow, max-snippet:-1, max-image-preview:large, max-video-preview:-1\" \/>\n<link rel=\"canonical\" href=\"https:\/\/innovahub.pl\/\" \/>\n<meta property=\"og:locale\" content=\"pl_PL\" \/>\n<meta property=\"og:type\" content=\"article\" \/>\n<meta property=\"og:title\" content=\"Home - InnovaHub | kompleksowe wsparcie operacyjne dla firm\" \/>\n<meta property=\"og:description\" content=\"Masz za du\u017co odpowiedzialno\u015bci na g\u0142owie i nie wiesz, jak mo\u017cesz j\u0105 rozdzieli\u0107, by robi\u0107 w firmie to, w czym autentycznie jeste\u015b najlepszy? Masz do\u015b\u0107 komunikowania si\u0119 z dziesi\u0105tkami os\u00f3b, kt\u00f3re Ci\u0119 wspieraj\u0105, bo masz poczucie, \u017ce wszystko i tak zale\u017cy od Ciebie? Szukasz rozwi\u0105zania, w kt\u00f3rym odci\u0105\u017cysz si\u0119 z zada\u0144 operacyjnych, marketingowych, strategicznych oraz [&hellip;]\" \/>\n<meta property=\"og:url\" content=\"https:\/\/innovahub.pl\/\" \/>\n<meta property=\"og:site_name\" content=\"InnovaHub | kompleksowe wsparcie operacyjne dla firm\" \/>\n<meta property=\"article:modified_time\" content=\"2026-04-02T15:54:46+00:00\" \/>\n<meta name=\"twitter:card\" content=\"summary_large_image\" \/>\n<meta name=\"twitter:label1\" content=\"Szacowany czas czytania\" \/>\n\t<meta name=\"twitter:data1\" content=\"10 minut\" \/>\n<script type=\"application\/ld+json\" class=\"yoast-schema-graph\">{\"@context\":\"https:\\\/\\\/schema.org\",\"@graph\":[{\"@type\":\"WebPage\",\"@id\":\"https:\\\/\\\/innovahub.pl\\\/\",\"url\":\"https:\\\/\\\/innovahub.pl\\\/\",\"name\":\"Home - InnovaHub | kompleksowe wsparcie operacyjne dla firm\",\"isPartOf\":{\"@id\":\"https:\\\/\\\/innovahub.pl\\\/#website\"},\"datePublished\":\"2026-04-02T15:38:13+00:00\",\"dateModified\":\"2026-04-02T15:54:46+00:00\",\"breadcrumb\":{\"@id\":\"https:\\\/\\\/innovahub.pl\\\/#breadcrumb\"},\"inLanguage\":\"pl-PL\",\"potentialAction\":[{\"@type\":\"ReadAction\",\"target\":[\"https:\\\/\\\/innovahub.pl\\\/\"]}]},{\"@type\":\"BreadcrumbList\",\"@id\":\"https:\\\/\\\/innovahub.pl\\\/#breadcrumb\",\"itemListElement\":[{\"@type\":\"ListItem\",\"position\":1,\"name\":\"Strona g\u0142\u00f3wna\",\"item\":\"https:\\\/\\\/innovahub.pl\\\/\"},{\"@type\":\"ListItem\",\"position\":2,\"name\":\"Home\"}]},{\"@type\":\"WebSite\",\"@id\":\"https:\\\/\\\/innovahub.pl\\\/#website\",\"url\":\"https:\\\/\\\/innovahub.pl\\\/\",\"name\":\"InnovaHub | kompleksowe wsparcie operacyjne dla firm\",\"description\":\"\",\"potentialAction\":[{\"@type\":\"SearchAction\",\"target\":{\"@type\":\"EntryPoint\",\"urlTemplate\":\"https:\\\/\\\/innovahub.pl\\\/?s={search_term_string}\"},\"query-input\":{\"@type\":\"PropertyValueSpecification\",\"valueRequired\":true,\"valueName\":\"search_term_string\"}}],\"inLanguage\":\"pl-PL\"}]}<\/script>\n<!-- \/ Yoast SEO plugin. -->","yoast_head_json":{"title":"Home - InnovaHub | kompleksowe wsparcie operacyjne dla firm","robots":{"index":"index","follow":"follow","max-snippet":"max-snippet:-1","max-image-preview":"max-image-preview:large","max-video-preview":"max-video-preview:-1"},"canonical":"https:\/\/innovahub.pl\/","og_locale":"pl_PL","og_type":"article","og_title":"Home - InnovaHub | kompleksowe wsparcie operacyjne dla firm","og_description":"Masz za du\u017co odpowiedzialno\u015bci na g\u0142owie i nie wiesz, jak mo\u017cesz j\u0105 rozdzieli\u0107, by robi\u0107 w firmie to, w czym autentycznie jeste\u015b najlepszy? Masz do\u015b\u0107 komunikowania si\u0119 z dziesi\u0105tkami os\u00f3b, kt\u00f3re Ci\u0119 wspieraj\u0105, bo masz poczucie, \u017ce wszystko i tak zale\u017cy od Ciebie? Szukasz rozwi\u0105zania, w kt\u00f3rym odci\u0105\u017cysz si\u0119 z zada\u0144 operacyjnych, marketingowych, strategicznych oraz [&hellip;]","og_url":"https:\/\/innovahub.pl\/","og_site_name":"InnovaHub | kompleksowe wsparcie operacyjne dla firm","article_modified_time":"2026-04-02T15:54:46+00:00","twitter_card":"summary_large_image","twitter_misc":{"Szacowany czas czytania":"10 minut"},"schema":{"@context":"https:\/\/schema.org","@graph":[{"@type":"WebPage","@id":"https:\/\/innovahub.pl\/","url":"https:\/\/innovahub.pl\/","name":"Home - InnovaHub | kompleksowe wsparcie operacyjne dla firm","isPartOf":{"@id":"https:\/\/innovahub.pl\/#website"},"datePublished":"2026-04-02T15:38:13+00:00","dateModified":"2026-04-02T15:54:46+00:00","breadcrumb":{"@id":"https:\/\/innovahub.pl\/#breadcrumb"},"inLanguage":"pl-PL","potentialAction":[{"@type":"ReadAction","target":["https:\/\/innovahub.pl\/"]}]},{"@type":"BreadcrumbList","@id":"https:\/\/innovahub.pl\/#breadcrumb","itemListElement":[{"@type":"ListItem","position":1,"name":"Strona g\u0142\u00f3wna","item":"https:\/\/innovahub.pl\/"},{"@type":"ListItem","position":2,"name":"Home"}]},{"@type":"WebSite","@id":"https:\/\/innovahub.pl\/#website","url":"https:\/\/innovahub.pl\/","name":"InnovaHub | kompleksowe wsparcie operacyjne dla firm","description":"","potentialAction":[{"@type":"SearchAction","target":{"@type":"EntryPoint","urlTemplate":"https:\/\/innovahub.pl\/?s={search_term_string}"},"query-input":{"@type":"PropertyValueSpecification","valueRequired":true,"valueName":"search_term_string"}}],"inLanguage":"pl-PL"}]}},"_links":{"self":[{"href":"https:\/\/innovahub.pl\/index.php?rest_route=\/wp\/v2\/pages\/8","targetHints":{"allow":["GET"]}}],"collection":[{"href":"https:\/\/innovahub.pl\/index.php?rest_route=\/wp\/v2\/pages"}],"about":[{"href":"https:\/\/innovahub.pl\/index.php?rest_route=\/wp\/v2\/types\/page"}],"author":[{"embeddable":true,"href":"https:\/\/innovahub.pl\/index.php?rest_route=\/wp\/v2\/users\/1"}],"replies":[{"embeddable":true,"href":"https:\/\/innovahub.pl\/index.php?rest_route=%2Fwp%2Fv2%2Fcomments&post=8"}],"version-history":[{"count":16,"href":"https:\/\/innovahub.pl\/index.php?rest_route=\/wp\/v2\/pages\/8\/revisions"}],"predecessor-version":[{"id":62,"href":"https:\/\/innovahub.pl\/index.php?rest_route=\/wp\/v2\/pages\/8\/revisions\/62"}],"wp:attachment":[{"href":"https:\/\/innovahub.pl\/index.php?rest_route=%2Fwp%2Fv2%2Fmedia&parent=8"}],"curies":[{"name":"wp","href":"https:\/\/api.w.org\/{rel}","templated":true}]}}